{"id":6,"date":"2025-04-28T10:52:00","date_gmt":"2025-04-28T10:52:00","guid":{"rendered":"https:\/\/brionymolly.com\/?page_id=6"},"modified":"2026-01-21T11:58:27","modified_gmt":"2026-01-21T11:58:27","slug":"photography-video-design","status":"publish","type":"page","link":"https:\/\/brionymolly.com\/fr\/","title":{"rendered":"Photography Video Design"},"content":{"rendered":"<div class=\"wp-block-columns alignfull is-layout-flex wp-container-core-columns-is-layout-794e3cfa wp-block-columns-is-layout-flex\">\n<div class=\"wp-block-column is-layout-flow wp-block-column-is-layout-flow\">\n<p class=\"has-text-align-center is-style-success has-contrast-color has-custom-color-5-background-color has-text-color has-background has-link-color has-x-large-font-size wp-elements-6a1a282a10940dbfde4d2f6df48f15f5 wp-block-paragraph\" style=\"font-style:normal;font-weight:900\"><a href=\"https:\/\/brionymollymedia.pixieset.com\/\">Trouvez votre \u00c9v\u00e8nement ici<\/a><\/p>\n<\/div>\n<\/div>\n\n\n\n<div class=\"wp-block-coblocks-hero alignfull coblocks-hero-32813950318 mb-0 mt-0\"><div class=\"wp-block-coblocks-hero__inner bg-cover has-background-image bg-no-repeat bg-center-center hero-center-left-align has-padding has-huge-padding has-left-content\" style=\"background-image:url(https:\/\/brionymolly.com\/wp-content\/uploads\/2025\/11\/juinex-14-scaled.jpg);background-position:44% 79%;min-height:622px\"><div class=\"wp-block-coblocks-hero__content-wrapper\"><div class=\"wp-block-coblocks-hero__content\" style=\"max-width:560px\">\n<h2 class=\"wp-block-heading has-text-align-left has-background\" style=\"border-radius:20px;background-color:#ffffff7a\"><strong>Photo. Video. Design.<\/strong><\/h2>\n\n\n\n<p class=\"has-background wp-block-paragraph\" style=\"border-radius:20px;background-color:#ffffff78\"><strong><em>Responsable des m\u00e9dias interactifs freelance \u00e0 recruter en Normandie. Sp\u00e9cialis\u00e9e dans le monde \u00e9quin.<\/em><\/strong><\/p>\n\n\n\n<div class=\"wp-block-buttons is-content-justification-center is-layout-flex wp-container-core-buttons-is-layout-35f06ea7 wp-block-buttons-is-layout-flex\">\n<div class=\"wp-block-button has-custom-width wp-block-button__width-50\"><a class=\"wp-block-button__link has-custom-color-1-background-color has-background wp-element-button\" href=\"https:\/\/brionymollymedia.pixieset.com\/\" style=\"border-radius:0px\">\u00c9V\u00c9NEMENTS<\/a><\/div>\n\n\n\n<div class=\"wp-block-button has-custom-width wp-block-button__width-50 is-style-outline is-style-outline--1\"><a class=\"wp-block-button__link wp-element-button\" href=\"mailto:br*********@gm***.com\" data-original-string=\"XJEVsBgAokjc7bKkjWCaqw==fa3KKtpjTkPFAsJQjKmjtUNcCYM3REMsrgMzX9SxKQfnrM=\" title=\"This contact has been encoded by Anti-Spam by CleanTalk. Click to decode. To finish the decoding make sure that JavaScript is enabled in your browser.\" style=\"border-radius:0px\">Contact<\/a><\/div>\n<\/div>\n<\/div><\/div><\/div><\/div>\n\n\n\n<div class=\"wp-block-columns alignfull is-layout-flex wp-container-core-columns-is-layout-794e3cfa wp-block-columns-is-layout-flex\">\n<div class=\"wp-block-column is-layout-flow wp-block-column-is-layout-flow\">\n<p class=\"has-text-align-center has-contrast-color has-custom-color-5-background-color has-text-color has-background has-link-color wp-elements-4afb8874f3183677703080338fa020b4 wp-block-paragraph\" style=\"padding-top:var(--wp--preset--spacing--70);padding-right:37px;padding-bottom:var(--wp--preset--spacing--70);padding-left:37px;line-height:2\">\u00c9tablie en 2013, Briony-Molly Media a travaill\u00e9 avec des marques \u00e0 travers le monde, se sp\u00e9cialisant dans le sport et le monde \u00e9questre. Qualifi\u00e9e dans diverses sp\u00e9cialisations digitales, je vise \u00e0 vous donner le plus haut standard, pour vous faciliter la vie. Photographe avant tout, je suis disponible comme second tireur ou comme personne suppl\u00e9mentaire lors de concours \u00e9questres ou de matchs sportifs.<\/p>\n<\/div>\n<\/div>\n\n\n\n<div class=\"wp-block-coblocks-hero alignfull coblocks-hero-02085923599\"><div class=\"wp-block-coblocks-hero__inner bg-cover has-background-image bg-no-repeat bg-center-center hero-center-left-align has-padding has-huge-padding has-left-content\" style=\"background-image:url(https:\/\/brionymolly.com\/wp-content\/uploads\/2025\/06\/IMGC3371-scaled.jpg);background-position:49% 90%;min-height:500px\"><div class=\"wp-block-coblocks-hero__content-wrapper\"><div class=\"wp-block-coblocks-hero__content\" style=\"max-width:560px\">\n<h2 class=\"wp-block-heading\"><\/h2>\n\n\n\n<p class=\"wp-block-paragraph\"><\/p>\n\n\n\n<div class=\"wp-block-buttons is-layout-flex wp-block-buttons-is-layout-flex\">\n\n<\/div>\n<\/div><\/div><\/div><\/div>\n\n\n\n<div style=\"height:64px\" aria-hidden=\"true\" class=\"wp-block-spacer\"><\/div>\n\n\n\n<div class=\"wp-block-columns alignwide is-layout-flex wp-container-core-columns-is-layout-794e3cfa wp-block-columns-is-layout-flex\">\n<div class=\"wp-block-column is-layout-flow wp-block-column-is-layout-flow\">\n<div class=\"wp-block-buttons is-content-justification-center is-layout-flex wp-container-core-buttons-is-layout-35f06ea7 wp-block-buttons-is-layout-flex\">\n<div class=\"wp-block-button has-custom-width wp-block-button__width-100\"><a class=\"wp-block-button__link has-contrast-background-color has-background wp-element-button\" style=\"border-top-left-radius:0px;border-top-right-radius:0px;border-bottom-left-radius:0px;border-bottom-right-radius:0px;padding-top:var(--wp--preset--spacing--60);padding-right:var(--wp--preset--spacing--50);padding-bottom:var(--wp--preset--spacing--60);padding-left:var(--wp--preset--spacing--50)\">Photography<\/a><\/div>\n<\/div>\n<\/div>\n\n\n\n<div class=\"wp-block-column is-layout-flow wp-block-column-is-layout-flow\">\n<div class=\"wp-block-buttons is-content-justification-center is-layout-flex wp-container-core-buttons-is-layout-35f06ea7 wp-block-buttons-is-layout-flex\">\n<div class=\"wp-block-button has-custom-width wp-block-button__width-100\"><a class=\"wp-block-button__link wp-element-button\" href=\"https:\/\/brionymolly.com\/fr\/videography\/\" style=\"border-top-left-radius:0px;border-top-right-radius:0px;border-bottom-left-radius:0px;border-bottom-right-radius:0px;padding-top:var(--wp--preset--spacing--60);padding-right:var(--wp--preset--spacing--50);padding-bottom:var(--wp--preset--spacing--60);padding-left:var(--wp--preset--spacing--50)\">Videography<\/a><\/div>\n<\/div>\n<\/div>\n\n\n\n<div class=\"wp-block-column is-layout-flow wp-block-column-is-layout-flow\">\n<div class=\"wp-block-buttons is-content-justification-center is-layout-flex wp-container-core-buttons-is-layout-35f06ea7 wp-block-buttons-is-layout-flex\">\n<div class=\"wp-block-button has-custom-width wp-block-button__width-100\"><a class=\"wp-block-button__link has-custom-color-5-background-color has-background wp-element-button\" href=\"https:\/\/brionymolly.com\/fr\/design-brand-management\/\" style=\"border-top-left-radius:0px;border-top-right-radius:0px;border-bottom-left-radius:0px;border-bottom-right-radius:0px;padding-top:var(--wp--preset--spacing--60);padding-right:var(--wp--preset--spacing--50);padding-bottom:var(--wp--preset--spacing--60);padding-left:var(--wp--preset--spacing--50)\">Design&amp;gestion de marque<\/a><\/div>\n<\/div>\n<\/div>\n<\/div>\n\n\n\n<div style=\"height:64px\" aria-hidden=\"true\" class=\"wp-block-spacer\"><\/div>\n\n\n\n<div class=\"wp-block-coblocks-hero alignfull coblocks-hero-02085923599\"><div class=\"wp-block-coblocks-hero__inner bg-cover has-background-image bg-no-repeat bg-center-center hero-center-left-align has-padding has-huge-padding has-left-content\" style=\"background-image:url(https:\/\/brionymolly.com\/wp-content\/uploads\/2025\/07\/u19flers-rouen-51-scaled.jpg);background-position:50% 59%;min-height:500px\"><div class=\"wp-block-coblocks-hero__content-wrapper\"><div class=\"wp-block-coblocks-hero__content\" style=\"max-width:560px\">\n<h2 class=\"wp-block-heading\"><\/h2>\n\n\n\n<p class=\"wp-block-paragraph\"><\/p>\n\n\n\n<div class=\"wp-block-buttons is-layout-flex wp-block-buttons-is-layout-flex\">\n\n<\/div>\n<\/div><\/div><\/div><\/div>\n\n\n\n<div class=\"wp-block-columns alignfull is-layout-flex wp-container-core-columns-is-layout-794e3cfa wp-block-columns-is-layout-flex\">\n<div class=\"wp-block-column is-layout-flow wp-block-column-is-layout-flow\">\n<p class=\"has-text-align-center has-contrast-color has-base-background-color has-text-color has-background has-link-color has-large-font-size wp-elements-26d6008fcb3793449d9a00926876a485 wp-block-paragraph\" style=\"padding-top:var(--wp--preset--spacing--70);padding-right:37px;padding-bottom:var(--wp--preset--spacing--70);padding-left:37px;line-height:2\"><strong>\u00ab Ce qu'un artiste essaie de faire pour les gens, c'est de les rapprocher de quelque chose, car l'art, c'est bien s\u00fbr une question de partage. On ne serait pas artiste si l'on ne souhaitait pas partager une exp\u00e9rience, une pens\u00e9e. \u00bb<\/strong><br><em>&#8211; David Hockney<\/em><\/p>\n<\/div>\n<\/div>","protected":false},"excerpt":{"rendered":"<p>Trouvez votre \u00c9v\u00e8nement ici Established in 2013, Briony-Molly Media has worked with brands across the world, specialising in sports and the equestrian world. Qualified in various digital specialisations, I aim to give you the highest standard, to make your life easier. As a photographer first and foremost, I am available as a second shooter or [&hellip;]<\/p>\n","protected":false},"author":1,"featured_media":0,"parent":0,"menu_order":0,"comment_status":"closed","ping_status":"closed","template":"","meta":{"_coblocks_attr":"","_coblocks_dimensions":"{\"coblocks-hero-32813950318\":{\"padding\":{\"paddingBottom\":\"60px\",\"paddingBottomMobile\":null,\"paddingBottomTablet\":\"5px\",\"paddingLeft\":\"0px\",\"paddingLeftMobile\":null,\"paddingLeftTablet\":\"5px\",\"paddingRight\":\"0px\",\"paddingRightMobile\":null,\"paddingRightTablet\":\"5px\",\"paddingTop\":\"60px\",\"paddingTopMobile\":null,\"paddingTopTablet\":\"5px\"}},\"coblocks-hero-02085923599\":{\"padding\":{}}}","_coblocks_responsive_height":"{\"coblocks-hero-32813950318\":{\"height\":{\"height\":622}}}","_coblocks_accordion_ie_support":"","_crdt_document":"","om_disable_all_campaigns":false,"_monsterinsights_skip_tracking":false,"_monsterinsights_sitenote_active":false,"_monsterinsights_sitenote_note":"","_monsterinsights_sitenote_category":0,"footnotes":""},"class_list":["post-6","page","type-page","status-publish","hentry"],"yoast_head":"<!-- This site is optimized with the Yoast SEO plugin v27.2 - https:\/\/yoast.com\/product\/yoast-seo-wordpress\/ -->\n<title>Photography Video Design - BRIONY-MOLLY<\/title>\n<meta name=\"description\" content=\"Photography Video Design by Briony-Molly Media. Discover the online portfolio and events gallery all in one place.\" \/>\n<meta name=\"robots\" content=\"index, follow, max-snippet:-1, max-image-preview:large, max-video-preview:-1\" \/>\n<link rel=\"canonical\" href=\"https:\/\/brionymolly.com\/fr\/\" \/>\n<meta property=\"og:locale\" content=\"fr_FR\" \/>\n<meta property=\"og:type\" content=\"article\" \/>\n<meta property=\"og:title\" content=\"Photography Video Design - BRIONY-MOLLY\" \/>\n<meta property=\"og:description\" content=\"Photography Video Design by Briony-Molly Media. Discover the online portfolio and events gallery all in one place.\" \/>\n<meta property=\"og:url\" content=\"https:\/\/brionymolly.com\/fr\/\" \/>\n<meta property=\"og:site_name\" content=\"BRIONY-MOLLY\" \/>\n<meta property=\"article:modified_time\" content=\"2026-01-21T11:58:27+00:00\" \/>\n<meta name=\"twitter:card\" content=\"summary_large_image\" \/>\n<meta name=\"twitter:label1\" content=\"Dur\u00e9e de lecture estim\u00e9e\" \/>\n\t<meta name=\"twitter:data1\" content=\"1 minute\" \/>\n<script type=\"application\/ld+json\" class=\"yoast-schema-graph\">{\"@context\":\"https:\/\/schema.org\",\"@graph\":[{\"@type\":\"WebPage\",\"@id\":\"https:\/\/brionymolly.com\/\",\"url\":\"https:\/\/brionymolly.com\/\",\"name\":\"Photography Video Design - BRIONY-MOLLY\",\"isPartOf\":{\"@id\":\"https:\/\/brionymolly.com\/#website\"},\"datePublished\":\"2025-04-28T10:52:00+00:00\",\"dateModified\":\"2026-01-21T11:58:27+00:00\",\"description\":\"Photography Video Design by Briony-Molly Media. Discover the online portfolio and events gallery all in one place.\",\"breadcrumb\":{\"@id\":\"https:\/\/brionymolly.com\/#breadcrumb\"},\"inLanguage\":\"fr-FR\",\"potentialAction\":[{\"@type\":\"ReadAction\",\"target\":[\"https:\/\/brionymolly.com\/\"]}]},{\"@type\":\"BreadcrumbList\",\"@id\":\"https:\/\/brionymolly.com\/#breadcrumb\",\"itemListElement\":[{\"@type\":\"ListItem\",\"position\":1,\"name\":\"Home\",\"item\":\"https:\/\/brionymolly.com\/\"},{\"@type\":\"ListItem\",\"position\":2,\"name\":\"Photography Video Design\"}]},{\"@type\":\"WebSite\",\"@id\":\"https:\/\/brionymolly.com\/#website\",\"url\":\"https:\/\/brionymolly.com\/\",\"name\":\"BRIONY-MOLLY\",\"description\":\"Photo. Video. Design\",\"publisher\":{\"@id\":\"https:\/\/brionymolly.com\/#organization\"},\"potentialAction\":[{\"@type\":\"SearchAction\",\"target\":{\"@type\":\"EntryPoint\",\"urlTemplate\":\"https:\/\/brionymolly.com\/?s={search_term_string}\"},\"query-input\":{\"@type\":\"PropertyValueSpecification\",\"valueRequired\":true,\"valueName\":\"search_term_string\"}}],\"inLanguage\":\"fr-FR\"},{\"@type\":\"Organization\",\"@id\":\"https:\/\/brionymolly.com\/#organization\",\"name\":\"BRIONY-MOLLY\",\"url\":\"https:\/\/brionymolly.com\/\",\"logo\":{\"@type\":\"ImageObject\",\"inLanguage\":\"fr-FR\",\"@id\":\"https:\/\/brionymolly.com\/#\/schema\/logo\/image\/\",\"url\":\"https:\/\/brionymolly.com\/wp-content\/uploads\/2025\/04\/logonewsimplejune23-scaled.png\",\"contentUrl\":\"https:\/\/brionymolly.com\/wp-content\/uploads\/2025\/04\/logonewsimplejune23-scaled.png\",\"width\":2560,\"height\":2107,\"caption\":\"BRIONY-MOLLY\"},\"image\":{\"@id\":\"https:\/\/brionymolly.com\/#\/schema\/logo\/image\/\"}}]}<\/script>\n<!-- \/ Yoast SEO plugin. -->","yoast_head_json":{"title":"Photography Video Design - BRIONY-MOLLY","description":"Photography Video Design by Briony-Molly Media. Discover the online portfolio and events gallery all in one place.","robots":{"index":"index","follow":"follow","max-snippet":"max-snippet:-1","max-image-preview":"max-image-preview:large","max-video-preview":"max-video-preview:-1"},"canonical":"https:\/\/brionymolly.com\/fr\/","og_locale":"fr_FR","og_type":"article","og_title":"Photography Video Design - BRIONY-MOLLY","og_description":"Photography Video Design by Briony-Molly Media. Discover the online portfolio and events gallery all in one place.","og_url":"https:\/\/brionymolly.com\/fr\/","og_site_name":"BRIONY-MOLLY","article_modified_time":"2026-01-21T11:58:27+00:00","twitter_card":"summary_large_image","twitter_misc":{"Dur\u00e9e de lecture estim\u00e9e":"1 minute"},"schema":{"@context":"https:\/\/schema.org","@graph":[{"@type":"WebPage","@id":"https:\/\/brionymolly.com\/","url":"https:\/\/brionymolly.com\/","name":"Photography Video Design - BRIONY-MOLLY","isPartOf":{"@id":"https:\/\/brionymolly.com\/#website"},"datePublished":"2025-04-28T10:52:00+00:00","dateModified":"2026-01-21T11:58:27+00:00","description":"Photography Video Design by Briony-Molly Media. Discover the online portfolio and events gallery all in one place.","breadcrumb":{"@id":"https:\/\/brionymolly.com\/#breadcrumb"},"inLanguage":"fr-FR","potentialAction":[{"@type":"ReadAction","target":["https:\/\/brionymolly.com\/"]}]},{"@type":"BreadcrumbList","@id":"https:\/\/brionymolly.com\/#breadcrumb","itemListElement":[{"@type":"ListItem","position":1,"name":"Home","item":"https:\/\/brionymolly.com\/"},{"@type":"ListItem","position":2,"name":"Photography Video Design"}]},{"@type":"WebSite","@id":"https:\/\/brionymolly.com\/#website","url":"https:\/\/brionymolly.com\/","name":"BRIONY-MOLLY","description":"Photo. Video. Design","publisher":{"@id":"https:\/\/brionymolly.com\/#organization"},"potentialAction":[{"@type":"SearchAction","target":{"@type":"EntryPoint","urlTemplate":"https:\/\/brionymolly.com\/?s={search_term_string}"},"query-input":{"@type":"PropertyValueSpecification","valueRequired":true,"valueName":"search_term_string"}}],"inLanguage":"fr-FR"},{"@type":"Organization","@id":"https:\/\/brionymolly.com\/#organization","name":"BRIONY-MOLLY","url":"https:\/\/brionymolly.com\/","logo":{"@type":"ImageObject","inLanguage":"fr-FR","@id":"https:\/\/brionymolly.com\/#\/schema\/logo\/image\/","url":"https:\/\/brionymolly.com\/wp-content\/uploads\/2025\/04\/logonewsimplejune23-scaled.png","contentUrl":"https:\/\/brionymolly.com\/wp-content\/uploads\/2025\/04\/logonewsimplejune23-scaled.png","width":2560,"height":2107,"caption":"BRIONY-MOLLY"},"image":{"@id":"https:\/\/brionymolly.com\/#\/schema\/logo\/image\/"}}]}},"_links":{"self":[{"href":"https:\/\/brionymolly.com\/fr\/wp-json\/wp\/v2\/pages\/6","targetHints":{"allow":["GET"]}}],"collection":[{"href":"https:\/\/brionymolly.com\/fr\/wp-json\/wp\/v2\/pages"}],"about":[{"href":"https:\/\/brionymolly.com\/fr\/wp-json\/wp\/v2\/types\/page"}],"author":[{"embeddable":true,"href":"https:\/\/brionymolly.com\/fr\/wp-json\/wp\/v2\/users\/1"}],"replies":[{"embeddable":true,"href":"https:\/\/brionymolly.com\/fr\/wp-json\/wp\/v2\/comments?post=6"}],"version-history":[{"count":20,"href":"https:\/\/brionymolly.com\/fr\/wp-json\/wp\/v2\/pages\/6\/revisions"}],"predecessor-version":[{"id":692,"href":"https:\/\/brionymolly.com\/fr\/wp-json\/wp\/v2\/pages\/6\/revisions\/692"}],"wp:attachment":[{"href":"https:\/\/brionymolly.com\/fr\/wp-json\/wp\/v2\/media?parent=6"}],"curies":[{"name":"wp","href":"https:\/\/api.w.org\/{rel}","templated":true}]}}