{"id":601,"date":"2025-10-21T06:14:51","date_gmt":"2025-10-21T06:14:51","guid":{"rendered":"https:\/\/brionymolly.com\/?page_id=601"},"modified":"2026-01-09T12:41:35","modified_gmt":"2026-01-09T12:41:35","slug":"videography","status":"publish","type":"page","link":"https:\/\/brionymolly.com\/fr\/videography\/","title":{"rendered":"Vid\u00e9o"},"content":{"rendered":"<div class=\"wp-block-coblocks-hero alignfull has-text-color has-base-color coblocks-hero-9218749153\"><div class=\"wp-block-coblocks-hero__inner has-custom-color-4-background-color has-background has-background-overlay bg-cover has-background-image bg-no-repeat bg-center-center has-background-overlay-30 hero-center-left-align has-padding has-huge-padding has-custom-color-4-background-color has-left-content\" style=\"background-image:url(https:\/\/brionymolly.com\/wp-content\/uploads\/2025\/10\/IMGL2478-scaled.jpg);background-position:60% 66%;min-height:500px\"><div class=\"wp-block-coblocks-hero__content-wrapper\"><div class=\"wp-block-coblocks-hero__content\" style=\"max-width:560px\">\n<h2 class=\"wp-block-heading\" id=\"videography\">Videography<\/h2>\n\n\n\n<p class=\"wp-block-paragraph\">Form\u00e9 \u00e0 la fois \u00e0 la photographie et \u00e0 la vid\u00e9o, je suis capable de capturer simultan\u00e9ment des photos et des vid\u00e9os pendant votre \u00e9v\u00e9nement. Qu'il s'agisse d'un \u00e9v\u00e9nement li\u00e9 au monde \u00e9quin, d'un spectacle, d'un concert ou d'un autre \u00e9v\u00e9nement, j'ai de l'exp\u00e9rience dans la cr\u00e9ation de vid\u00e9os longues ainsi que de reels pour les r\u00e9seaux sociaux.<\/p>\n\n\n\n<div class=\"wp-block-buttons is-layout-flex wp-block-buttons-is-layout-flex\">\n<div class=\"wp-block-button\"><a class=\"wp-block-button__link wp-element-button\" href=\"https:\/\/www.youtube.com\/@brionymollymedia\">Youtube<\/a><\/div>\n\n\n\n<div class=\"wp-block-button is-style-outline is-style-outline--1\"><a class=\"wp-block-button__link wp-element-button\" href=\"http:\/\/www.https:\/\/www.instagram.com\/brionymolly\">Instagram<\/a><\/div>\n<\/div>\n<\/div><\/div><\/div><\/div>\n\n\n\n<nav aria-label=\"Table des mati\u00e8res\" class=\"wp-block-table-of-contents\"><ul><li><a class=\"wp-block-table-of-contents__entry\" href=\"https:\/\/brionymolly.com\/fr\/videography\/#videography\">Videography<\/a><\/li><li><a class=\"wp-block-table-of-contents__entry\" href=\"https:\/\/brionymolly.com\/fr\/videography\/#reels\">Reels<\/a><\/li><li><a class=\"wp-block-table-of-contents__entry\" href=\"https:\/\/brionymolly.com\/fr\/videography\/#youtube-and-branding\">Youtube and Branding<\/a><\/li><\/ul><\/nav>\n\n\n\n<h2 class=\"wp-block-heading\" id=\"reels\">Reels<\/h2>\n\n\n\n<div class=\"wp-block-columns alignwide is-layout-flex wp-container-core-columns-is-layout-794e3cfa wp-block-columns-is-layout-flex\">\n<div class=\"wp-block-column is-layout-flow wp-block-column-is-layout-flow\">\n<p class=\"has-text-align-center wp-block-paragraph\">CSO November 2025<\/p>\n\n\n\n<figure class=\"wp-block-embed aligncenter is-type-video is-provider-youtube wp-block-embed-youtube wp-embed-aspect-9-16 wp-has-aspect-ratio\"><div class=\"wp-block-embed__wrapper\">\n<iframe loading=\"lazy\" title=\"CSO Novembre\" width=\"422\" height=\"750\" src=\"https:\/\/www.youtube.com\/embed\/quYPZnXoFSQ?feature=oembed\" frameborder=\"0\" allow=\"accelerometer; autoplay; clipboard-write; encrypted-media; gyroscope; picture-in-picture; web-share\" referrerpolicy=\"strict-origin-when-cross-origin\" allowfullscreen><\/iframe>\n<\/div><\/figure>\n<\/div>\n\n\n\n<div class=\"wp-block-column is-layout-flow wp-block-column-is-layout-flow\">\n<p class=\"has-text-align-center wp-block-paragraph\">Dressage December 2025<\/p>\n\n\n\n<figure class=\"wp-block-embed is-type-video is-provider-youtube wp-block-embed-youtube wp-embed-aspect-9-16 wp-has-aspect-ratio\"><div class=\"wp-block-embed__wrapper\">\n<iframe loading=\"lazy\" title=\"Dressage D\u00e9cembre 2025\" width=\"422\" height=\"750\" src=\"https:\/\/www.youtube.com\/embed\/FMGSWabn2mE?feature=oembed\" frameborder=\"0\" allow=\"accelerometer; autoplay; clipboard-write; encrypted-media; gyroscope; picture-in-picture; web-share\" referrerpolicy=\"strict-origin-when-cross-origin\" allowfullscreen><\/iframe>\n<\/div><\/figure>\n<\/div>\n\n\n\n<div class=\"wp-block-column is-layout-flow wp-block-column-is-layout-flow\">\n<p class=\"has-text-align-center wp-block-paragraph\">Herbb Horse Rugs<\/p>\n\n\n\n<figure class=\"wp-block-embed is-type-video is-provider-youtube wp-block-embed-youtube wp-embed-aspect-9-16 wp-has-aspect-ratio\"><div class=\"wp-block-embed__wrapper\">\n<iframe loading=\"lazy\" title=\"Herbb Horse Rugs - the all purpose multiusage Body Hugger #equestrian #horse #horseriding\" width=\"422\" height=\"750\" src=\"https:\/\/www.youtube.com\/embed\/6fDD93jQUIM?feature=oembed\" frameborder=\"0\" allow=\"accelerometer; autoplay; clipboard-write; encrypted-media; gyroscope; picture-in-picture; web-share\" referrerpolicy=\"strict-origin-when-cross-origin\" allowfullscreen><\/iframe>\n<\/div><\/figure>\n<\/div>\n<\/div>\n\n\n\n<h2 class=\"wp-block-heading\" id=\"youtube-and-branding\">Youtube and Branding<\/h2>\n\n\n\n<div class=\"wp-block-columns alignwide is-layout-flex wp-container-core-columns-is-layout-794e3cfa wp-block-columns-is-layout-flex\">\n<div class=\"wp-block-column is-vertically-aligned-center is-layout-flow wp-block-column-is-layout-flow\">\n<p class=\"has-text-align-center wp-block-paragraph\">Storytelling Equine Event<\/p>\n\n\n\n<figure class=\"wp-block-embed is-type-video is-provider-youtube wp-block-embed-youtube wp-embed-aspect-16-9 wp-has-aspect-ratio\"><div class=\"wp-block-embed__wrapper\">\n<iframe loading=\"lazy\" title=\"TM Jumping Amateur Juin 2023\" width=\"500\" height=\"281\" src=\"https:\/\/www.youtube.com\/embed\/6PiqFGaHdCQ?feature=oembed\" frameborder=\"0\" allow=\"accelerometer; autoplay; clipboard-write; encrypted-media; gyroscope; picture-in-picture; web-share\" referrerpolicy=\"strict-origin-when-cross-origin\" allowfullscreen><\/iframe>\n<\/div><\/figure>\n<\/div>\n\n\n\n<div class=\"wp-block-column is-layout-flow wp-block-column-is-layout-flow\">\n<p class=\"has-text-align-center wp-block-paragraph\">Branding Video for Herbb Horse Rugs<\/p>\n\n\n\n<figure class=\"wp-block-embed is-type-video is-provider-youtube wp-block-embed-youtube wp-embed-aspect-4-3 wp-has-aspect-ratio\"><div class=\"wp-block-embed__wrapper\">\n<iframe loading=\"lazy\" title=\"Herbb Horse Rugs | Rehabilitation with Jack\" width=\"500\" height=\"375\" src=\"https:\/\/www.youtube.com\/embed\/nOcDNQ7D8NQ?feature=oembed\" frameborder=\"0\" allow=\"accelerometer; autoplay; clipboard-write; encrypted-media; gyroscope; picture-in-picture; web-share\" referrerpolicy=\"strict-origin-when-cross-origin\" allowfullscreen><\/iframe>\n<\/div><\/figure>\n<\/div>\n<\/div>\n\n\n\n<div class=\"wp-block-columns alignwide is-layout-flex wp-container-core-columns-is-layout-794e3cfa wp-block-columns-is-layout-flex\">\n<div class=\"wp-block-column is-layout-flow wp-block-column-is-layout-flow\">\n<p class=\"has-text-align-center wp-block-paragraph\">Storytelling 60 second challenge<\/p>\n\n\n\n<figure class=\"wp-block-embed aligncenter is-type-video is-provider-youtube wp-block-embed-youtube wp-embed-aspect-16-9 wp-has-aspect-ratio\"><div class=\"wp-block-embed__wrapper\">\n<iframe loading=\"lazy\" title=\"Walking and Wading | 90 second Video Challenge\" width=\"500\" height=\"281\" src=\"https:\/\/www.youtube.com\/embed\/du2U9gpOjfU?feature=oembed\" frameborder=\"0\" allow=\"accelerometer; autoplay; clipboard-write; encrypted-media; gyroscope; picture-in-picture; web-share\" referrerpolicy=\"strict-origin-when-cross-origin\" allowfullscreen><\/iframe>\n<\/div><\/figure>\n<\/div>\n\n\n\n<div class=\"wp-block-column is-layout-flow wp-block-column-is-layout-flow\">\n<p class=\"has-text-align-center wp-block-paragraph\">Branding Video for Discover Year Ottawa<\/p>\n\n\n\n<figure class=\"wp-block-embed aligncenter is-type-video is-provider-youtube wp-block-embed-youtube wp-embed-aspect-16-9 wp-has-aspect-ratio\"><div class=\"wp-block-embed__wrapper\">\n<iframe loading=\"lazy\" title=\"Portfolio piece - Discover Year Short #1\" width=\"500\" height=\"281\" src=\"https:\/\/www.youtube.com\/embed\/mBZRWso3jnI?feature=oembed\" frameborder=\"0\" allow=\"accelerometer; autoplay; clipboard-write; encrypted-media; gyroscope; picture-in-picture; web-share\" referrerpolicy=\"strict-origin-when-cross-origin\" allowfullscreen><\/iframe>\n<\/div><\/figure>\n<\/div>\n<\/div>\n\n\n\n<p class=\"wp-block-paragraph\"><\/p>","protected":false},"excerpt":{"rendered":"<p>Reels CSO November 2025 Dressage December 2025 Herbb Horse Rugs Youtube and Branding Storytelling Equine Event Branding Video for Herbb Horse Rugs Storytelling 60 second challenge Branding Video for Discover Year Ottawa<\/p>","protected":false},"author":1,"featured_media":0,"parent":0,"menu_order":0,"comment_status":"closed","ping_status":"closed","template":"","meta":{"_coblocks_attr":"","_coblocks_dimensions":"{\"coblocks-hero-9218749153\":{\"padding\":{}}}","_coblocks_responsive_height":"{\"coblocks-hero-9218749153\":{\"height\":{\"height\":500}}}","_coblocks_accordion_ie_support":"","_crdt_document":"","om_disable_all_campaigns":false,"_monsterinsights_skip_tracking":false,"_monsterinsights_sitenote_active":false,"_monsterinsights_sitenote_note":"","_monsterinsights_sitenote_category":0,"footnotes":""},"class_list":["post-601","page","type-page","status-publish","hentry"],"yoast_head":"<!-- This site is optimized with the Yoast SEO plugin v27.2 - https:\/\/yoast.com\/product\/yoast-seo-wordpress\/ -->\n<title>Video - BRIONY-MOLLY<\/title>\n<meta name=\"description\" content=\"Videography portfolio for briony-molly media. From long format to social media reels. I cover all events and concerts.\" \/>\n<meta name=\"robots\" content=\"index, follow, max-snippet:-1, max-image-preview:large, max-video-preview:-1\" \/>\n<link rel=\"canonical\" href=\"https:\/\/brionymolly.com\/fr\/videography\/\" \/>\n<meta property=\"og:locale\" content=\"fr_FR\" \/>\n<meta property=\"og:type\" content=\"article\" \/>\n<meta property=\"og:title\" content=\"Video - BRIONY-MOLLY\" \/>\n<meta property=\"og:description\" content=\"Videography portfolio for briony-molly media. From long format to social media reels. I cover all events and concerts.\" \/>\n<meta property=\"og:url\" content=\"https:\/\/brionymolly.com\/fr\/videography\/\" \/>\n<meta property=\"og:site_name\" content=\"BRIONY-MOLLY\" \/>\n<meta property=\"article:modified_time\" content=\"2026-01-09T12:41:35+00:00\" \/>\n<meta name=\"twitter:card\" content=\"summary_large_image\" \/>\n<meta name=\"twitter:label1\" content=\"Dur\u00e9e de lecture estim\u00e9e\" \/>\n\t<meta name=\"twitter:data1\" content=\"1 minute\" \/>\n<script type=\"application\/ld+json\" class=\"yoast-schema-graph\">{\"@context\":\"https:\/\/schema.org\",\"@graph\":[{\"@type\":\"WebPage\",\"@id\":\"https:\/\/brionymolly.com\/videography\/\",\"url\":\"https:\/\/brionymolly.com\/videography\/\",\"name\":\"Video - BRIONY-MOLLY\",\"isPartOf\":{\"@id\":\"https:\/\/brionymolly.com\/#website\"},\"datePublished\":\"2025-10-21T06:14:51+00:00\",\"dateModified\":\"2026-01-09T12:41:35+00:00\",\"description\":\"Videography portfolio for briony-molly media. From long format to social media reels. I cover all events and concerts.\",\"breadcrumb\":{\"@id\":\"https:\/\/brionymolly.com\/videography\/#breadcrumb\"},\"inLanguage\":\"fr-FR\",\"potentialAction\":[{\"@type\":\"ReadAction\",\"target\":[\"https:\/\/brionymolly.com\/videography\/\"]}]},{\"@type\":\"BreadcrumbList\",\"@id\":\"https:\/\/brionymolly.com\/videography\/#breadcrumb\",\"itemListElement\":[{\"@type\":\"ListItem\",\"position\":1,\"name\":\"Home\",\"item\":\"https:\/\/brionymolly.com\/\"},{\"@type\":\"ListItem\",\"position\":2,\"name\":\"Video\"}]},{\"@type\":\"WebSite\",\"@id\":\"https:\/\/brionymolly.com\/#website\",\"url\":\"https:\/\/brionymolly.com\/\",\"name\":\"BRIONY-MOLLY\",\"description\":\"Photo. Video. Design\",\"publisher\":{\"@id\":\"https:\/\/brionymolly.com\/#organization\"},\"potentialAction\":[{\"@type\":\"SearchAction\",\"target\":{\"@type\":\"EntryPoint\",\"urlTemplate\":\"https:\/\/brionymolly.com\/?s={search_term_string}\"},\"query-input\":{\"@type\":\"PropertyValueSpecification\",\"valueRequired\":true,\"valueName\":\"search_term_string\"}}],\"inLanguage\":\"fr-FR\"},{\"@type\":\"Organization\",\"@id\":\"https:\/\/brionymolly.com\/#organization\",\"name\":\"BRIONY-MOLLY\",\"url\":\"https:\/\/brionymolly.com\/\",\"logo\":{\"@type\":\"ImageObject\",\"inLanguage\":\"fr-FR\",\"@id\":\"https:\/\/brionymolly.com\/#\/schema\/logo\/image\/\",\"url\":\"https:\/\/brionymolly.com\/wp-content\/uploads\/2025\/04\/logonewsimplejune23-scaled.png\",\"contentUrl\":\"https:\/\/brionymolly.com\/wp-content\/uploads\/2025\/04\/logonewsimplejune23-scaled.png\",\"width\":2560,\"height\":2107,\"caption\":\"BRIONY-MOLLY\"},\"image\":{\"@id\":\"https:\/\/brionymolly.com\/#\/schema\/logo\/image\/\"}}]}<\/script>\n<!-- \/ Yoast SEO plugin. -->","yoast_head_json":{"title":"Video - BRIONY-MOLLY","description":"Videography portfolio for briony-molly media. From long format to social media reels. I cover all events and concerts.","robots":{"index":"index","follow":"follow","max-snippet":"max-snippet:-1","max-image-preview":"max-image-preview:large","max-video-preview":"max-video-preview:-1"},"canonical":"https:\/\/brionymolly.com\/fr\/videography\/","og_locale":"fr_FR","og_type":"article","og_title":"Video - BRIONY-MOLLY","og_description":"Videography portfolio for briony-molly media. From long format to social media reels. I cover all events and concerts.","og_url":"https:\/\/brionymolly.com\/fr\/videography\/","og_site_name":"BRIONY-MOLLY","article_modified_time":"2026-01-09T12:41:35+00:00","twitter_card":"summary_large_image","twitter_misc":{"Dur\u00e9e de lecture estim\u00e9e":"1 minute"},"schema":{"@context":"https:\/\/schema.org","@graph":[{"@type":"WebPage","@id":"https:\/\/brionymolly.com\/videography\/","url":"https:\/\/brionymolly.com\/videography\/","name":"Video - BRIONY-MOLLY","isPartOf":{"@id":"https:\/\/brionymolly.com\/#website"},"datePublished":"2025-10-21T06:14:51+00:00","dateModified":"2026-01-09T12:41:35+00:00","description":"Videography portfolio for briony-molly media. From long format to social media reels. I cover all events and concerts.","breadcrumb":{"@id":"https:\/\/brionymolly.com\/videography\/#breadcrumb"},"inLanguage":"fr-FR","potentialAction":[{"@type":"ReadAction","target":["https:\/\/brionymolly.com\/videography\/"]}]},{"@type":"BreadcrumbList","@id":"https:\/\/brionymolly.com\/videography\/#breadcrumb","itemListElement":[{"@type":"ListItem","position":1,"name":"Home","item":"https:\/\/brionymolly.com\/"},{"@type":"ListItem","position":2,"name":"Video"}]},{"@type":"WebSite","@id":"https:\/\/brionymolly.com\/#website","url":"https:\/\/brionymolly.com\/","name":"BRIONY-MOLLY","description":"Photo. Video. Design","publisher":{"@id":"https:\/\/brionymolly.com\/#organization"},"potentialAction":[{"@type":"SearchAction","target":{"@type":"EntryPoint","urlTemplate":"https:\/\/brionymolly.com\/?s={search_term_string}"},"query-input":{"@type":"PropertyValueSpecification","valueRequired":true,"valueName":"search_term_string"}}],"inLanguage":"fr-FR"},{"@type":"Organization","@id":"https:\/\/brionymolly.com\/#organization","name":"BRIONY-MOLLY","url":"https:\/\/brionymolly.com\/","logo":{"@type":"ImageObject","inLanguage":"fr-FR","@id":"https:\/\/brionymolly.com\/#\/schema\/logo\/image\/","url":"https:\/\/brionymolly.com\/wp-content\/uploads\/2025\/04\/logonewsimplejune23-scaled.png","contentUrl":"https:\/\/brionymolly.com\/wp-content\/uploads\/2025\/04\/logonewsimplejune23-scaled.png","width":2560,"height":2107,"caption":"BRIONY-MOLLY"},"image":{"@id":"https:\/\/brionymolly.com\/#\/schema\/logo\/image\/"}}]}},"_links":{"self":[{"href":"https:\/\/brionymolly.com\/fr\/wp-json\/wp\/v2\/pages\/601","targetHints":{"allow":["GET"]}}],"collection":[{"href":"https:\/\/brionymolly.com\/fr\/wp-json\/wp\/v2\/pages"}],"about":[{"href":"https:\/\/brionymolly.com\/fr\/wp-json\/wp\/v2\/types\/page"}],"author":[{"embeddable":true,"href":"https:\/\/brionymolly.com\/fr\/wp-json\/wp\/v2\/users\/1"}],"replies":[{"embeddable":true,"href":"https:\/\/brionymolly.com\/fr\/wp-json\/wp\/v2\/comments?post=601"}],"version-history":[{"count":10,"href":"https:\/\/brionymolly.com\/fr\/wp-json\/wp\/v2\/pages\/601\/revisions"}],"predecessor-version":[{"id":647,"href":"https:\/\/brionymolly.com\/fr\/wp-json\/wp\/v2\/pages\/601\/revisions\/647"}],"wp:attachment":[{"href":"https:\/\/brionymolly.com\/fr\/wp-json\/wp\/v2\/media?parent=601"}],"curies":[{"name":"wp","href":"https:\/\/api.w.org\/{rel}","templated":true}]}}